{"id":101,"date":"2026-03-03T11:32:09","date_gmt":"2026-03-03T11:32:09","guid":{"rendered":"https:\/\/fitmotionn.nl\/?post_type=product&#038;p=101"},"modified":"2026-03-03T19:21:35","modified_gmt":"2026-03-03T19:21:35","slug":"fitness-aqua-water-bag","status":"publish","type":"product","link":"https:\/\/fitmotionn.nl\/en_gb\/product\/fitness-aqua-water-bag\/","title":{"rendered":"Fitness aqua water bag"},"content":{"rendered":"<p data-start=\"358\" data-end=\"750\">De <strong data-start=\"361\" data-end=\"387\">Fitness Aqua Water Bag<\/strong> is een innovatief trainingshulpmiddel voor iedereen die zijn krachttraining functioneler, intensiever en effectiever wil maken. In plaats van vaste gewichten train je met water als dynamische weerstand. Doordat het water continu in beweging is, ontstaat een instabiele belasting die zorgt voor maximale spieractivatie en een hogere trainingsprikkel per oefening.<\/p>\n<h3 data-start=\"752\" data-end=\"805\">Dynamische weerstand voor maximale spieractivatie<\/h3>\n<p data-start=\"807\" data-end=\"1134\">In tegenstelling tot traditionele gewichten zoals dumbbells of kettlebells, verplaatst het gewicht in de Aqua Water Bag zich constant. Dit dwingt je lichaam om bij iedere herhaling te stabiliseren en corrigeren. Het resultaat: extra activatie van je core, schouders, rug en heupen, naast de primaire spiergroepen die je traint.<\/p>\n<p data-start=\"1136\" data-end=\"1190\">De instabiele krachttraining met water draagt bij aan:<\/p>\n<ul data-start=\"1191\" data-end=\"1341\">\n<li data-start=\"1191\" data-end=\"1220\">\n<p data-start=\"1193\" data-end=\"1220\">Verbeterde core stability<\/p>\n<\/li>\n<li data-start=\"1221\" data-end=\"1251\">\n<p data-start=\"1223\" data-end=\"1251\">Meer balans en co\u00f6rdinatie<\/p>\n<\/li>\n<li data-start=\"1252\" data-end=\"1284\">\n<p data-start=\"1254\" data-end=\"1284\">Sterkere stabilisatiespieren<\/p>\n<\/li>\n<li data-start=\"1285\" data-end=\"1306\">\n<p data-start=\"1287\" data-end=\"1306\">Betere gripkracht<\/p>\n<\/li>\n<li data-start=\"1307\" data-end=\"1341\">\n<p data-start=\"1309\" data-end=\"1341\">Functionele krachtontwikkeling<\/p>\n<\/li>\n<\/ul>\n<p data-start=\"1343\" data-end=\"1533\">Hierdoor is de Fitness Aqua Water Bag ideaal voor sporters die hun prestaties willen verbeteren, maar ook voor personal trainers en fysiotherapeuten die veilig en doelgericht willen trainen.<\/p>\n<h3 data-start=\"1535\" data-end=\"1585\">Verstelbaar gewicht \u2013 geschikt voor elk niveau<\/h3>\n<p data-start=\"1587\" data-end=\"1932\">Een groot voordeel van deze water weight bag is het instelbare gewicht. Je bepaalt zelf hoeveel water je toevoegt en past de weerstand eenvoudig aan jouw trainingsniveau aan. Beginners trainen met een lagere vulling om techniek en controle te ontwikkelen, terwijl gevorderden het gewicht verhogen voor extra intensiteit en progressieve overload.<\/p>\n<p data-start=\"1934\" data-end=\"1968\">De Aqua Water Bag is perfect voor:<\/p>\n<ul data-start=\"1969\" data-end=\"2107\">\n<li data-start=\"1969\" data-end=\"1999\">\n<p data-start=\"1971\" data-end=\"1999\">Functionele krachttraining<\/p>\n<\/li>\n<li data-start=\"2000\" data-end=\"2027\">\n<p data-start=\"2002\" data-end=\"2027\">HIIT en circuittraining<\/p>\n<\/li>\n<li data-start=\"2028\" data-end=\"2049\">\n<p data-start=\"2030\" data-end=\"2049\">Bootcamp workouts<\/p>\n<\/li>\n<li data-start=\"2050\" data-end=\"2067\">\n<p data-start=\"2052\" data-end=\"2067\">Core training<\/p>\n<\/li>\n<li data-start=\"2068\" data-end=\"2107\">\n<p data-start=\"2070\" data-end=\"2107\">Thuisfitness zonder zware gewichten<\/p>\n<\/li>\n<\/ul>\n<h3 data-start=\"2109\" data-end=\"2139\">Duurzaam en veilig ontwerp<\/h3>\n<p data-start=\"2141\" data-end=\"2428\">De Fitness Aqua Water Bag is vervaardigd uit sterk, lekvrij en slijtvast materiaal dat bestand is tegen intensief gebruik. De stevige handgrepen zorgen voor optimale grip en maken een breed scala aan oefeningen mogelijk, zoals squats, lunges, presses, rows, carries en rotatiebewegingen.<\/p>\n<p data-start=\"2430\" data-end=\"2623\">Dankzij de zachte buitenkant is trainen veiliger voor vloeren en omgeving. Geen metalen gewichten, geen harde impact en minder geluid \u2014 ideaal voor thuisgebruik of trainingen in kleine ruimtes.<\/p>\n<h3 data-start=\"2625\" data-end=\"2661\">Compact, effici\u00ebnt en veelzijdig<\/h3>\n<p data-start=\"2663\" data-end=\"2926\">In lege toestand is de Aqua Water Bag licht en compact op te bergen. Hierdoor is hij eenvoudig mee te nemen naar outdoor trainingen of bootcamps. Je hebt geen complete set gewichten nodig; \u00e9\u00e9n verstelbare water bag biedt meerdere weerstandsniveaus in \u00e9\u00e9n product.<\/p>\n<p data-start=\"2928\" data-end=\"3118\" data-is-last-node=\"\" data-is-only-node=\"\"><strong data-start=\"2928\" data-end=\"3118\" data-is-last-node=\"\">De Fitness Aqua Water Bag combineert instabiliteit, functionaliteit en schaalbaarheid in \u00e9\u00e9n krachtig trainingsmiddel. Train slimmer, train effectiever en haal meer uit iedere herhaling.<\/strong><\/p>","protected":false},"excerpt":{"rendered":"<p>De Fitness Aqua Water Bag is een innovatief trainingshulpmiddel voor iedereen die zijn krachttraining functioneler, intensiever en effectiever wil maken. [&hellip;]<\/p>\n","protected":false},"featured_media":118,"comment_status":"open","ping_status":"closed","template":"","meta":{"site-sidebar-layout":"default","site-content-layout":"","ast-site-content-layout":"default","site-content-style":"default","site-sidebar-style":"default","ast-global-header-display":"","ast-banner-title-visibility":"","ast-main-header-display":"","ast-hfb-above-header-display":"","ast-hfb-below-header-display":"","ast-hfb-mobile-header-display":"","site-post-title":"","ast-breadcrumbs-content":"","ast-featured-img":"","footer-sml-layout":"","ast-disable-related-posts":"","theme-transparent-header-meta":"default","adv-header-id-meta":"","stick-header-meta":"","header-above-stick-meta":"","header-main-stick-meta":"","header-below-stick-meta":"","astra-migrate-meta-layouts":"set","ast-page-background-enabled":"default","ast-page-background-meta":{"desktop":{"background-color":"var(--ast-global-color-5)","background-image":"","background-repeat":"repeat","background-position":"center center","background-size":"auto","background-attachment":"scroll","background-type":"","background-media":"","overlay-type":"","overlay-color":"","overlay-opacity":"","overlay-gradient":""},"tablet":{"background-color":"","background-image":"","background-repeat":"repeat","background-position":"center center","background-size":"auto","background-attachment":"scroll","background-type":"","background-media":"","overlay-type":"","overlay-color":"","overlay-opacity":"","overlay-gradient":""},"mobile":{"background-color":"","background-image":"","background-repeat":"repeat","background-position":"center center","background-size":"auto","background-attachment":"scroll","background-type":"","background-media":"","overlay-type":"","overlay-color":"","overlay-opacity":"","overlay-gradient":""}},"ast-content-background-meta":{"desktop":{"background-color":"var(--ast-global-color-4)","background-image":"","background-repeat":"repeat","background-position":"center center","background-size":"auto","background-attachment":"scroll","background-type":"","background-media":"","overlay-type":"","overlay-color":"","overlay-opacity":"","overlay-gradient":""},"tablet":{"background-color":"var(--ast-global-color-4)","background-image":"","background-repeat":"repeat","background-position":"center center","background-size":"auto","background-attachment":"scroll","background-type":"","background-media":"","overlay-type":"","overlay-color":"","overlay-opacity":"","overlay-gradient":""},"mobile":{"background-color":"var(--ast-global-color-4)","background-image":"","background-repeat":"repeat","background-position":"center center","background-size":"auto","background-attachment":"scroll","background-type":"","background-media":"","overlay-type":"","overlay-color":"","overlay-opacity":"","overlay-gradient":""}}},"product_brand":[],"product_cat":[18],"product_tag":[],"class_list":{"0":"post-101","1":"product","2":"type-product","3":"status-publish","4":"has-post-thumbnail","6":"product_cat-geen-categorie","7":"desktop-align-left","8":"tablet-align-left","9":"mobile-align-left","11":"first","12":"instock","13":"sale","14":"shipping-taxable","15":"purchasable","16":"product-type-simple"},"yoast_head":"<!-- This site is optimized with the Yoast SEO plugin v27.4 - https:\/\/yoast.com\/product\/yoast-seo-wordpress\/ -->\n<title>Fitness aqua water bag - Fitmotion<\/title>\n<meta name=\"robots\" content=\"index, follow, max-snippet:-1, max-image-preview:large, max-video-preview:-1\" \/>\n<link rel=\"canonical\" href=\"https:\/\/fitmotionn.nl\/en_gb\/product\/fitness-aqua-water-bag\/\" \/>\n<meta property=\"og:locale\" content=\"en_GB\" \/>\n<meta property=\"og:type\" content=\"article\" \/>\n<meta property=\"og:title\" content=\"Fitness aqua water bag - Fitmotion\" \/>\n<meta property=\"og:description\" content=\"De Fitness Aqua Water Bag is een innovatief trainingshulpmiddel voor iedereen die zijn krachttraining functioneler, intensiever en effectiever wil maken. [&hellip;]\" \/>\n<meta property=\"og:url\" content=\"https:\/\/fitmotionn.nl\/en_gb\/product\/fitness-aqua-water-bag\/\" \/>\n<meta property=\"og:site_name\" content=\"Fitmotion\" \/>\n<meta property=\"article:modified_time\" content=\"2026-03-03T19:21:35+00:00\" \/>\n<meta property=\"og:image\" content=\"https:\/\/fitmotionn.nl\/wp-content\/uploads\/2026\/03\/bba998a1-00cd-4a84-911f-8ec8cd79a428.webp\" \/>\n\t<meta property=\"og:image:width\" content=\"1536\" \/>\n\t<meta property=\"og:image:height\" content=\"1024\" \/>\n\t<meta property=\"og:image:type\" content=\"image\/webp\" \/>\n<meta name=\"twitter:card\" content=\"summary_large_image\" \/>\n<meta name=\"twitter:label1\" content=\"Estimated reading time\" \/>\n\t<meta name=\"twitter:data1\" content=\"2 minutes\" \/>\n<script type=\"application\/ld+json\" class=\"yoast-schema-graph\">{\"@context\":\"https:\\\/\\\/schema.org\",\"@graph\":[{\"@type\":\"WebPage\",\"@id\":\"https:\\\/\\\/fitmotionn.nl\\\/product\\\/fitness-aqua-water-bag\\\/\",\"url\":\"https:\\\/\\\/fitmotionn.nl\\\/product\\\/fitness-aqua-water-bag\\\/\",\"name\":\"Fitness aqua water bag - Fitmotion\",\"isPartOf\":{\"@id\":\"https:\\\/\\\/fitmotionn.nl\\\/#website\"},\"primaryImageOfPage\":{\"@id\":\"https:\\\/\\\/fitmotionn.nl\\\/product\\\/fitness-aqua-water-bag\\\/#primaryimage\"},\"image\":{\"@id\":\"https:\\\/\\\/fitmotionn.nl\\\/product\\\/fitness-aqua-water-bag\\\/#primaryimage\"},\"thumbnailUrl\":\"https:\\\/\\\/fitmotionn.nl\\\/wp-content\\\/uploads\\\/2026\\\/03\\\/bba998a1-00cd-4a84-911f-8ec8cd79a428.webp\",\"datePublished\":\"2026-03-03T11:32:09+00:00\",\"dateModified\":\"2026-03-03T19:21:35+00:00\",\"breadcrumb\":{\"@id\":\"https:\\\/\\\/fitmotionn.nl\\\/product\\\/fitness-aqua-water-bag\\\/#breadcrumb\"},\"inLanguage\":\"en-GB\",\"potentialAction\":[{\"@type\":\"ReadAction\",\"target\":[\"https:\\\/\\\/fitmotionn.nl\\\/product\\\/fitness-aqua-water-bag\\\/\"]}]},{\"@type\":\"ImageObject\",\"inLanguage\":\"en-GB\",\"@id\":\"https:\\\/\\\/fitmotionn.nl\\\/product\\\/fitness-aqua-water-bag\\\/#primaryimage\",\"url\":\"https:\\\/\\\/fitmotionn.nl\\\/wp-content\\\/uploads\\\/2026\\\/03\\\/bba998a1-00cd-4a84-911f-8ec8cd79a428.webp\",\"contentUrl\":\"https:\\\/\\\/fitmotionn.nl\\\/wp-content\\\/uploads\\\/2026\\\/03\\\/bba998a1-00cd-4a84-911f-8ec8cd79a428.webp\",\"width\":1536,\"height\":1024},{\"@type\":\"BreadcrumbList\",\"@id\":\"https:\\\/\\\/fitmotionn.nl\\\/product\\\/fitness-aqua-water-bag\\\/#breadcrumb\",\"itemListElement\":[{\"@type\":\"ListItem\",\"position\":1,\"name\":\"Home\",\"item\":\"https:\\\/\\\/fitmotionn.nl\\\/\"},{\"@type\":\"ListItem\",\"position\":2,\"name\":\"Winkel\",\"item\":\"https:\\\/\\\/fitmotionn.nl\\\/winkel\\\/\"},{\"@type\":\"ListItem\",\"position\":3,\"name\":\"Fitness aqua water bag\"}]},{\"@type\":\"WebSite\",\"@id\":\"https:\\\/\\\/fitmotionn.nl\\\/#website\",\"url\":\"https:\\\/\\\/fitmotionn.nl\\\/\",\"name\":\"Fitmotion\",\"description\":\"Where being fit becomes a reality!\",\"publisher\":{\"@id\":\"https:\\\/\\\/fitmotionn.nl\\\/#organization\"},\"potentialAction\":[{\"@type\":\"SearchAction\",\"target\":{\"@type\":\"EntryPoint\",\"urlTemplate\":\"https:\\\/\\\/fitmotionn.nl\\\/?s={search_term_string}\"},\"query-input\":{\"@type\":\"PropertyValueSpecification\",\"valueRequired\":true,\"valueName\":\"search_term_string\"}}],\"inLanguage\":\"en-GB\"},{\"@type\":\"Organization\",\"@id\":\"https:\\\/\\\/fitmotionn.nl\\\/#organization\",\"name\":\"Fitmotion\",\"url\":\"https:\\\/\\\/fitmotionn.nl\\\/\",\"logo\":{\"@type\":\"ImageObject\",\"inLanguage\":\"en-GB\",\"@id\":\"https:\\\/\\\/fitmotionn.nl\\\/#\\\/schema\\\/logo\\\/image\\\/\",\"url\":\"https:\\\/\\\/fitmotionn.nl\\\/wp-content\\\/uploads\\\/2026\\\/03\\\/ChatGPT-Image-Mar-3-2026-10_48_50-AM.webp\",\"contentUrl\":\"https:\\\/\\\/fitmotionn.nl\\\/wp-content\\\/uploads\\\/2026\\\/03\\\/ChatGPT-Image-Mar-3-2026-10_48_50-AM.webp\",\"width\":1536,\"height\":1024,\"caption\":\"Fitmotion\"},\"image\":{\"@id\":\"https:\\\/\\\/fitmotionn.nl\\\/#\\\/schema\\\/logo\\\/image\\\/\"}}]}<\/script>\n<!-- \/ Yoast SEO plugin. -->","yoast_head_json":{"title":"Fitness aqua water bag - Fitmotion","robots":{"index":"index","follow":"follow","max-snippet":"max-snippet:-1","max-image-preview":"max-image-preview:large","max-video-preview":"max-video-preview:-1"},"canonical":"https:\/\/fitmotionn.nl\/en_gb\/product\/fitness-aqua-water-bag\/","og_locale":"en_GB","og_type":"article","og_title":"Fitness aqua water bag - Fitmotion","og_description":"De Fitness Aqua Water Bag is een innovatief trainingshulpmiddel voor iedereen die zijn krachttraining functioneler, intensiever en effectiever wil maken. [&hellip;]","og_url":"https:\/\/fitmotionn.nl\/en_gb\/product\/fitness-aqua-water-bag\/","og_site_name":"Fitmotion","article_modified_time":"2026-03-03T19:21:35+00:00","og_image":[{"width":1536,"height":1024,"url":"https:\/\/fitmotionn.nl\/wp-content\/uploads\/2026\/03\/bba998a1-00cd-4a84-911f-8ec8cd79a428.webp","type":"image\/webp"}],"twitter_card":"summary_large_image","twitter_misc":{"Estimated reading time":"2 minutes"},"schema":{"@context":"https:\/\/schema.org","@graph":[{"@type":"WebPage","@id":"https:\/\/fitmotionn.nl\/product\/fitness-aqua-water-bag\/","url":"https:\/\/fitmotionn.nl\/product\/fitness-aqua-water-bag\/","name":"Fitness aqua water bag - Fitmotion","isPartOf":{"@id":"https:\/\/fitmotionn.nl\/#website"},"primaryImageOfPage":{"@id":"https:\/\/fitmotionn.nl\/product\/fitness-aqua-water-bag\/#primaryimage"},"image":{"@id":"https:\/\/fitmotionn.nl\/product\/fitness-aqua-water-bag\/#primaryimage"},"thumbnailUrl":"https:\/\/fitmotionn.nl\/wp-content\/uploads\/2026\/03\/bba998a1-00cd-4a84-911f-8ec8cd79a428.webp","datePublished":"2026-03-03T11:32:09+00:00","dateModified":"2026-03-03T19:21:35+00:00","breadcrumb":{"@id":"https:\/\/fitmotionn.nl\/product\/fitness-aqua-water-bag\/#breadcrumb"},"inLanguage":"en-GB","potentialAction":[{"@type":"ReadAction","target":["https:\/\/fitmotionn.nl\/product\/fitness-aqua-water-bag\/"]}]},{"@type":"ImageObject","inLanguage":"en-GB","@id":"https:\/\/fitmotionn.nl\/product\/fitness-aqua-water-bag\/#primaryimage","url":"https:\/\/fitmotionn.nl\/wp-content\/uploads\/2026\/03\/bba998a1-00cd-4a84-911f-8ec8cd79a428.webp","contentUrl":"https:\/\/fitmotionn.nl\/wp-content\/uploads\/2026\/03\/bba998a1-00cd-4a84-911f-8ec8cd79a428.webp","width":1536,"height":1024},{"@type":"BreadcrumbList","@id":"https:\/\/fitmotionn.nl\/product\/fitness-aqua-water-bag\/#breadcrumb","itemListElement":[{"@type":"ListItem","position":1,"name":"Home","item":"https:\/\/fitmotionn.nl\/"},{"@type":"ListItem","position":2,"name":"Winkel","item":"https:\/\/fitmotionn.nl\/winkel\/"},{"@type":"ListItem","position":3,"name":"Fitness aqua water bag"}]},{"@type":"WebSite","@id":"https:\/\/fitmotionn.nl\/#website","url":"https:\/\/fitmotionn.nl\/","name":"Fitmotion","description":"Where being fit becomes a reality!","publisher":{"@id":"https:\/\/fitmotionn.nl\/#organization"},"potentialAction":[{"@type":"SearchAction","target":{"@type":"EntryPoint","urlTemplate":"https:\/\/fitmotionn.nl\/?s={search_term_string}"},"query-input":{"@type":"PropertyValueSpecification","valueRequired":true,"valueName":"search_term_string"}}],"inLanguage":"en-GB"},{"@type":"Organization","@id":"https:\/\/fitmotionn.nl\/#organization","name":"Fitmotion","url":"https:\/\/fitmotionn.nl\/","logo":{"@type":"ImageObject","inLanguage":"en-GB","@id":"https:\/\/fitmotionn.nl\/#\/schema\/logo\/image\/","url":"https:\/\/fitmotionn.nl\/wp-content\/uploads\/2026\/03\/ChatGPT-Image-Mar-3-2026-10_48_50-AM.webp","contentUrl":"https:\/\/fitmotionn.nl\/wp-content\/uploads\/2026\/03\/ChatGPT-Image-Mar-3-2026-10_48_50-AM.webp","width":1536,"height":1024,"caption":"Fitmotion"},"image":{"@id":"https:\/\/fitmotionn.nl\/#\/schema\/logo\/image\/"}}]}},"_links":{"self":[{"href":"https:\/\/fitmotionn.nl\/en_gb\/wp-json\/wp\/v2\/product\/101","targetHints":{"allow":["GET"]}}],"collection":[{"href":"https:\/\/fitmotionn.nl\/en_gb\/wp-json\/wp\/v2\/product"}],"about":[{"href":"https:\/\/fitmotionn.nl\/en_gb\/wp-json\/wp\/v2\/types\/product"}],"replies":[{"embeddable":true,"href":"https:\/\/fitmotionn.nl\/en_gb\/wp-json\/wp\/v2\/comments?post=101"}],"wp:featuredmedia":[{"embeddable":true,"href":"https:\/\/fitmotionn.nl\/en_gb\/wp-json\/wp\/v2\/media\/118"}],"wp:attachment":[{"href":"https:\/\/fitmotionn.nl\/en_gb\/wp-json\/wp\/v2\/media?parent=101"}],"wp:term":[{"taxonomy":"product_brand","embeddable":true,"href":"https:\/\/fitmotionn.nl\/en_gb\/wp-json\/wp\/v2\/product_brand?post=101"},{"taxonomy":"product_cat","embeddable":true,"href":"https:\/\/fitmotionn.nl\/en_gb\/wp-json\/wp\/v2\/product_cat?post=101"},{"taxonomy":"product_tag","embeddable":true,"href":"https:\/\/fitmotionn.nl\/en_gb\/wp-json\/wp\/v2\/product_tag?post=101"}],"curies":[{"name":"wp","href":"https:\/\/api.w.org\/{rel}","templated":true}]}}